{"id":1648,"date":"2018-03-10T23:38:48","date_gmt":"2018-03-10T22:38:48","guid":{"rendered":"http:\/\/bestioler-urba.cronovies.cat\/?page_id=1648"},"modified":"2020-04-02T21:12:27","modified_gmt":"2020-04-02T19:12:27","slug":"mont-saint-michel-vaques","status":"publish","type":"page","link":"https:\/\/bestioler-urba.cronovies.cat\/?page_id=1648","title":{"rendered":"Mont-Saint-Michel. Vaques."},"content":{"rendered":"<p>Forma part d&#8217;una iniciativa dels agricultors i ramaders francesos per promocionar els productes propis de la regi\u00f3.<\/p>\n<pre>\u00c9s una aportaci\u00f3 de Francesca Porta de mar\u00e7 de 2015.<\/pre>\n<div class=\"tiled-gallery type-rectangular tiled-gallery-unresized\" data-original-width=\"640\" data-carousel-extra='{&quot;blog_id&quot;:1,&quot;permalink&quot;:&quot;https:\\\/\\\/bestioler-urba.cronovies.cat\\\/?page_id=1648&quot;,&quot;likes_blog_id&quot;:129951000}' itemscope itemtype=\"http:\/\/schema.org\/ImageGallery\" > <div class=\"gallery-row\" style=\"width: 640px; height: 321px;\" data-original-width=\"640\" data-original-height=\"321\" > <div class=\"gallery-group images-1\" style=\"width: 427px; height: 321px;\" data-original-width=\"427\" data-original-height=\"321\" > <div class=\"tiled-gallery-item tiled-gallery-item-large\" itemprop=\"associatedMedia\" itemscope itemtype=\"http:\/\/schema.org\/ImageObject\"> <a href=\"https:\/\/bestioler-urba.cronovies.cat\/?attachment_id=1656\" border=\"0\" itemprop=\"url\"> <meta itemprop=\"width\" content=\"423\"> <meta itemprop=\"height\" content=\"317\"> <img data-attachment-id=\"1656\" data-orig-file=\"https:\/\/bestioler-urba.cronovies.cat\/wp-content\/uploads\/2018\/03\/P1010133-Mont-Saint-Michelfran\u00e7a-500.jpg\" data-orig-size=\"500,375\" data-comments-opened=\"1\" data-image-meta=\"{&quot;aperture&quot;:&quot;3.3&quot;,&quot;credit&quot;:&quot;&quot;,&quot;camera&quot;:&quot;DMC-TZ40&quot;,&quot;caption&quot;:&quot;&quot;,&quot;created_timestamp&quot;:&quot;1426848723&quot;,&quot;copyright&quot;:&quot;&quot;,&quot;focal_length&quot;:&quot;4.3&quot;,&quot;iso&quot;:&quot;100&quot;,&quot;shutter_speed&quot;:&quot;0.008&quot;,&quot;title&quot;:&quot;&quot;,&quot;orientation&quot;:&quot;1&quot;}\" data-image-title=\"P1010133-Mont Saint Michel,fran\u00e7a 500\" data-image-description=\"&lt;p&gt;Foto: Megmaig&lt;\/p&gt; \" data-medium-file=\"https:\/\/i2.wp.com\/bestioler-urba.cronovies.cat\/wp-content\/uploads\/2018\/03\/P1010133-Mont-Saint-Michelfran\u00e7a-500.jpg?fit=300%2C225&#038;ssl=1\" data-large-file=\"https:\/\/i2.wp.com\/bestioler-urba.cronovies.cat\/wp-content\/uploads\/2018\/03\/P1010133-Mont-Saint-Michelfran\u00e7a-500.jpg?fit=500%2C375&#038;ssl=1\" src=\"https:\/\/i2.wp.com\/bestioler-urba.cronovies.cat\/wp-content\/uploads\/2018\/03\/P1010133-Mont-Saint-Michelfran\u00e7a-500.jpg?w=423&#038;h=317&#038;ssl=1\" width=\"423\" height=\"317\" data-original-width=\"423\" data-original-height=\"317\" itemprop=\"http:\/\/schema.org\/image\" title=\"P1010133-Mont Saint Michel,fran\u00e7a 500\" alt=\"P1010133-Mont Saint Michel,fran\u00e7a 500\" style=\"width: 423px; height: 317px;\" \/> <\/a> <\/div> <\/div> <!-- close group --> <div class=\"gallery-group images-2\" style=\"width: 213px; height: 321px;\" data-original-width=\"213\" data-original-height=\"321\" > <div class=\"tiled-gallery-item tiled-gallery-item-small\" itemprop=\"associatedMedia\" itemscope itemtype=\"http:\/\/schema.org\/ImageObject\"> <a href=\"https:\/\/bestioler-urba.cronovies.cat\/?attachment_id=1658\" border=\"0\" itemprop=\"url\"> <meta itemprop=\"width\" content=\"209\"> <meta itemprop=\"height\" content=\"157\"> <img data-attachment-id=\"1658\" data-orig-file=\"https:\/\/bestioler-urba.cronovies.cat\/wp-content\/uploads\/2018\/03\/P1010135-Mont-Saint-Michelfran\u00e7a-500.jpg\" data-orig-size=\"500,375\" data-comments-opened=\"1\" data-image-meta=\"{&quot;aperture&quot;:&quot;3.3&quot;,&quot;credit&quot;:&quot;&quot;,&quot;camera&quot;:&quot;DMC-TZ40&quot;,&quot;caption&quot;:&quot;&quot;,&quot;created_timestamp&quot;:&quot;1426848783&quot;,&quot;copyright&quot;:&quot;&quot;,&quot;focal_length&quot;:&quot;4.3&quot;,&quot;iso&quot;:&quot;400&quot;,&quot;shutter_speed&quot;:&quot;0.016666666666667&quot;,&quot;title&quot;:&quot;&quot;,&quot;orientation&quot;:&quot;1&quot;}\" data-image-title=\"P1010135-Mont Saint Michel,fran\u00e7a 500\" data-image-description=\"&lt;p&gt;Foto: Megmaig&lt;\/p&gt; \" data-medium-file=\"https:\/\/i2.wp.com\/bestioler-urba.cronovies.cat\/wp-content\/uploads\/2018\/03\/P1010135-Mont-Saint-Michelfran\u00e7a-500.jpg?fit=300%2C225&#038;ssl=1\" data-large-file=\"https:\/\/i2.wp.com\/bestioler-urba.cronovies.cat\/wp-content\/uploads\/2018\/03\/P1010135-Mont-Saint-Michelfran\u00e7a-500.jpg?fit=500%2C375&#038;ssl=1\" src=\"https:\/\/i2.wp.com\/bestioler-urba.cronovies.cat\/wp-content\/uploads\/2018\/03\/P1010135-Mont-Saint-Michelfran\u00e7a-500.jpg?w=209&#038;h=157&#038;ssl=1\" width=\"209\" height=\"157\" data-original-width=\"209\" data-original-height=\"157\" itemprop=\"http:\/\/schema.org\/image\" title=\"P1010135-Mont Saint Michel,fran\u00e7a 500\" alt=\"P1010135-Mont Saint Michel,fran\u00e7a 500\" style=\"width: 209px; height: 157px;\" \/> <\/a> <\/div> <div class=\"tiled-gallery-item tiled-gallery-item-small\" itemprop=\"associatedMedia\" itemscope itemtype=\"http:\/\/schema.org\/ImageObject\"> <a href=\"https:\/\/bestioler-urba.cronovies.cat\/?attachment_id=1657\" border=\"0\" itemprop=\"url\"> <meta itemprop=\"width\" content=\"209\"> <meta itemprop=\"height\" content=\"156\"> <img data-attachment-id=\"1657\" data-orig-file=\"https:\/\/bestioler-urba.cronovies.cat\/wp-content\/uploads\/2018\/03\/P1010134-Mont-Saint-Michelfran\u00e7a-500.jpg\" data-orig-size=\"500,375\" data-comments-opened=\"1\" data-image-meta=\"{&quot;aperture&quot;:&quot;3.3&quot;,&quot;credit&quot;:&quot;&quot;,&quot;camera&quot;:&quot;DMC-TZ40&quot;,&quot;caption&quot;:&quot;&quot;,&quot;created_timestamp&quot;:&quot;1426848742&quot;,&quot;copyright&quot;:&quot;&quot;,&quot;focal_length&quot;:&quot;4.3&quot;,&quot;iso&quot;:&quot;100&quot;,&quot;shutter_speed&quot;:&quot;0.016666666666667&quot;,&quot;title&quot;:&quot;&quot;,&quot;orientation&quot;:&quot;1&quot;}\" data-image-title=\"P1010134-Mont Saint Michel,fran\u00e7a 500\" data-image-description=\"&lt;p&gt;Foto: Megmaig&lt;\/p&gt; \" data-medium-file=\"https:\/\/i1.wp.com\/bestioler-urba.cronovies.cat\/wp-content\/uploads\/2018\/03\/P1010134-Mont-Saint-Michelfran\u00e7a-500.jpg?fit=300%2C225&#038;ssl=1\" data-large-file=\"https:\/\/i1.wp.com\/bestioler-urba.cronovies.cat\/wp-content\/uploads\/2018\/03\/P1010134-Mont-Saint-Michelfran\u00e7a-500.jpg?fit=500%2C375&#038;ssl=1\" src=\"https:\/\/i1.wp.com\/bestioler-urba.cronovies.cat\/wp-content\/uploads\/2018\/03\/P1010134-Mont-Saint-Michelfran\u00e7a-500.jpg?w=209&#038;h=156&#038;ssl=1\" width=\"209\" height=\"156\" data-original-width=\"209\" data-original-height=\"156\" itemprop=\"http:\/\/schema.org\/image\" title=\"P1010134-Mont Saint Michel,fran\u00e7a 500\" alt=\"P1010134-Mont Saint Michel,fran\u00e7a 500\" style=\"width: 209px; height: 156px;\" \/> <\/a> <\/div> <\/div> <!-- close group --> <\/div> <!-- close row --> <\/div>\n","protected":false},"excerpt":{"rendered":"<p>Forma part d&#8217;una iniciativa dels agricultors i ramaders francesos per promocionar els productes propis de la regi\u00f3. \u00c9s una aportaci\u00f3 de Francesca Porta de mar\u00e7 de 2015.<\/p>\n","protected":false},"author":1,"featured_media":0,"parent":0,"menu_order":0,"comment_status":"closed","ping_status":"closed","template":"","meta":{"spay_email":""},"jetpack_sharing_enabled":true,"jetpack_shortlink":"https:\/\/wp.me\/P8NgbS-qA","jetpack-related-posts":[],"_links":{"self":[{"href":"https:\/\/bestioler-urba.cronovies.cat\/index.php?rest_route=\/wp\/v2\/pages\/1648"}],"collection":[{"href":"https:\/\/bestioler-urba.cronovies.cat\/index.php?rest_route=\/wp\/v2\/pages"}],"about":[{"href":"https:\/\/bestioler-urba.cronovies.cat\/index.php?rest_route=\/wp\/v2\/types\/page"}],"author":[{"embeddable":true,"href":"https:\/\/bestioler-urba.cronovies.cat\/index.php?rest_route=\/wp\/v2\/users\/1"}],"replies":[{"embeddable":true,"href":"https:\/\/bestioler-urba.cronovies.cat\/index.php?rest_route=%2Fwp%2Fv2%2Fcomments&post=1648"}],"version-history":[{"count":5,"href":"https:\/\/bestioler-urba.cronovies.cat\/index.php?rest_route=\/wp\/v2\/pages\/1648\/revisions"}],"predecessor-version":[{"id":1739,"href":"https:\/\/bestioler-urba.cronovies.cat\/index.php?rest_route=\/wp\/v2\/pages\/1648\/revisions\/1739"}],"wp:attachment":[{"href":"https:\/\/bestioler-urba.cronovies.cat\/index.php?rest_route=%2Fwp%2Fv2%2Fmedia&parent=1648"}],"curies":[{"name":"wp","href":"https:\/\/api.w.org\/{rel}","templated":true}]}}