{"id":1735,"date":"2020-04-02T21:06:05","date_gmt":"2020-04-02T19:06:05","guid":{"rendered":"http:\/\/bestioler-urba.cronovies.cat\/?page_id=1735"},"modified":"2020-04-02T21:26:27","modified_gmt":"2020-04-02T19:26:27","slug":"amsterdam-vaques","status":"publish","type":"page","link":"https:\/\/bestioler-urba.cronovies.cat\/?page_id=1735","title":{"rendered":"Amsterdam. Elefants."},"content":{"rendered":"\n<p>No coneixem ni qui ho ha promocionat o patrocinat, per\u00f2 la Montserrat i l&#8217;Enric van trobar aquests elefants a l&#8217;aeroport d&#8217;Amsterdam-Schiphol a la tardor de 2018.<\/p>\n\n\n\n<figure class=\"wp-block-gallery columns-3 is-cropped\"><ul data-carousel-extra='{\"blog_id\":1,\"permalink\":\"https:\\\/\\\/bestioler-urba.cronovies.cat\\\/?page_id=1735\"}' class=\"blocks-gallery-grid\"><li class=\"blocks-gallery-item\"><figure><img data-attachment-id=\"1731\" data-permalink=\"https:\/\/bestioler-urba.cronovies.cat\/?attachment_id=1731\" data-orig-file=\"https:\/\/i0.wp.com\/bestioler-urba.cronovies.cat\/wp-content\/uploads\/2020\/04\/2018-09-29-016.jpg?fit=968%2C1296&amp;ssl=1\" data-orig-size=\"968,1296\" data-comments-opened=\"1\" data-image-meta=\"{&quot;aperture&quot;:&quot;0&quot;,&quot;credit&quot;:&quot;&quot;,&quot;camera&quot;:&quot;&quot;,&quot;caption&quot;:&quot;&quot;,&quot;created_timestamp&quot;:&quot;0&quot;,&quot;copyright&quot;:&quot;&quot;,&quot;focal_length&quot;:&quot;0&quot;,&quot;iso&quot;:&quot;0&quot;,&quot;shutter_speed&quot;:&quot;0&quot;,&quot;title&quot;:&quot;&quot;,&quot;orientation&quot;:&quot;0&quot;}\" data-image-title=\"2018-09-29 016\" data-image-description=\"\" data-medium-file=\"https:\/\/i0.wp.com\/bestioler-urba.cronovies.cat\/wp-content\/uploads\/2020\/04\/2018-09-29-016.jpg?fit=224%2C300&amp;ssl=1\" data-large-file=\"https:\/\/i0.wp.com\/bestioler-urba.cronovies.cat\/wp-content\/uploads\/2020\/04\/2018-09-29-016.jpg?fit=640%2C857&amp;ssl=1\" loading=\"lazy\" width=\"640\" height=\"857\" src=\"https:\/\/i2.wp.com\/bestioler-urba.cronovies.cat\/wp-content\/uploads\/2020\/04\/2018-09-29-016-765x1024.jpg?resize=640%2C857\" alt=\"\" data-id=\"1731\" data-full-url=\"http:\/\/bestioler-urba.cronovies.cat\/wp-content\/uploads\/2020\/04\/2018-09-29-016.jpg\" data-link=\"http:\/\/bestioler-urba.cronovies.cat\/?attachment_id=1731\" class=\"wp-image-1731\" srcset=\"https:\/\/i0.wp.com\/bestioler-urba.cronovies.cat\/wp-content\/uploads\/2020\/04\/2018-09-29-016.jpg?resize=765%2C1024&amp;ssl=1 765w, https:\/\/i0.wp.com\/bestioler-urba.cronovies.cat\/wp-content\/uploads\/2020\/04\/2018-09-29-016.jpg?resize=224%2C300&amp;ssl=1 224w, https:\/\/i0.wp.com\/bestioler-urba.cronovies.cat\/wp-content\/uploads\/2020\/04\/2018-09-29-016.jpg?resize=768%2C1028&amp;ssl=1 768w, https:\/\/i0.wp.com\/bestioler-urba.cronovies.cat\/wp-content\/uploads\/2020\/04\/2018-09-29-016.jpg?w=968&amp;ssl=1 968w\" sizes=\"(max-width: 640px) 100vw, 640px\" data-recalc-dims=\"1\" \/><\/figure><\/li><li class=\"blocks-gallery-item\"><figure><img data-attachment-id=\"1730\" data-permalink=\"https:\/\/bestioler-urba.cronovies.cat\/?attachment_id=1730\" data-orig-file=\"https:\/\/i0.wp.com\/bestioler-urba.cronovies.cat\/wp-content\/uploads\/2020\/04\/2018-09-29-011.jpg?fit=968%2C1296&amp;ssl=1\" data-orig-size=\"968,1296\" data-comments-opened=\"1\" data-image-meta=\"{&quot;aperture&quot;:&quot;0&quot;,&quot;credit&quot;:&quot;&quot;,&quot;camera&quot;:&quot;&quot;,&quot;caption&quot;:&quot;&quot;,&quot;created_timestamp&quot;:&quot;0&quot;,&quot;copyright&quot;:&quot;&quot;,&quot;focal_length&quot;:&quot;0&quot;,&quot;iso&quot;:&quot;0&quot;,&quot;shutter_speed&quot;:&quot;0&quot;,&quot;title&quot;:&quot;&quot;,&quot;orientation&quot;:&quot;0&quot;}\" data-image-title=\"2018-09-29 011\" data-image-description=\"\" data-medium-file=\"https:\/\/i0.wp.com\/bestioler-urba.cronovies.cat\/wp-content\/uploads\/2020\/04\/2018-09-29-011.jpg?fit=224%2C300&amp;ssl=1\" data-large-file=\"https:\/\/i0.wp.com\/bestioler-urba.cronovies.cat\/wp-content\/uploads\/2020\/04\/2018-09-29-011.jpg?fit=640%2C857&amp;ssl=1\" loading=\"lazy\" width=\"640\" height=\"857\" src=\"https:\/\/i2.wp.com\/bestioler-urba.cronovies.cat\/wp-content\/uploads\/2020\/04\/2018-09-29-011-765x1024.jpg?resize=640%2C857\" alt=\"\" data-id=\"1730\" data-full-url=\"http:\/\/bestioler-urba.cronovies.cat\/wp-content\/uploads\/2020\/04\/2018-09-29-011.jpg\" data-link=\"http:\/\/bestioler-urba.cronovies.cat\/?attachment_id=1730\" class=\"wp-image-1730\" srcset=\"https:\/\/i0.wp.com\/bestioler-urba.cronovies.cat\/wp-content\/uploads\/2020\/04\/2018-09-29-011.jpg?resize=765%2C1024&amp;ssl=1 765w, https:\/\/i0.wp.com\/bestioler-urba.cronovies.cat\/wp-content\/uploads\/2020\/04\/2018-09-29-011.jpg?resize=224%2C300&amp;ssl=1 224w, https:\/\/i0.wp.com\/bestioler-urba.cronovies.cat\/wp-content\/uploads\/2020\/04\/2018-09-29-011.jpg?resize=768%2C1028&amp;ssl=1 768w, https:\/\/i0.wp.com\/bestioler-urba.cronovies.cat\/wp-content\/uploads\/2020\/04\/2018-09-29-011.jpg?w=968&amp;ssl=1 968w\" sizes=\"(max-width: 640px) 100vw, 640px\" data-recalc-dims=\"1\" \/><\/figure><\/li><li class=\"blocks-gallery-item\"><figure><img data-attachment-id=\"1729\" data-permalink=\"https:\/\/bestioler-urba.cronovies.cat\/?attachment_id=1729\" data-orig-file=\"https:\/\/i2.wp.com\/bestioler-urba.cronovies.cat\/wp-content\/uploads\/2020\/04\/2018-09-29-010.jpg?fit=968%2C1296&amp;ssl=1\" data-orig-size=\"968,1296\" data-comments-opened=\"1\" data-image-meta=\"{&quot;aperture&quot;:&quot;0&quot;,&quot;credit&quot;:&quot;&quot;,&quot;camera&quot;:&quot;&quot;,&quot;caption&quot;:&quot;&quot;,&quot;created_timestamp&quot;:&quot;0&quot;,&quot;copyright&quot;:&quot;&quot;,&quot;focal_length&quot;:&quot;0&quot;,&quot;iso&quot;:&quot;0&quot;,&quot;shutter_speed&quot;:&quot;0&quot;,&quot;title&quot;:&quot;&quot;,&quot;orientation&quot;:&quot;0&quot;}\" data-image-title=\"2018-09-29 010\" data-image-description=\"\" data-medium-file=\"https:\/\/i2.wp.com\/bestioler-urba.cronovies.cat\/wp-content\/uploads\/2020\/04\/2018-09-29-010.jpg?fit=224%2C300&amp;ssl=1\" data-large-file=\"https:\/\/i2.wp.com\/bestioler-urba.cronovies.cat\/wp-content\/uploads\/2020\/04\/2018-09-29-010.jpg?fit=640%2C857&amp;ssl=1\" loading=\"lazy\" width=\"640\" height=\"857\" src=\"https:\/\/i2.wp.com\/bestioler-urba.cronovies.cat\/wp-content\/uploads\/2020\/04\/2018-09-29-010-765x1024.jpg?resize=640%2C857\" alt=\"\" data-id=\"1729\" data-full-url=\"http:\/\/bestioler-urba.cronovies.cat\/wp-content\/uploads\/2020\/04\/2018-09-29-010.jpg\" data-link=\"http:\/\/bestioler-urba.cronovies.cat\/?attachment_id=1729\" class=\"wp-image-1729\" srcset=\"https:\/\/i2.wp.com\/bestioler-urba.cronovies.cat\/wp-content\/uploads\/2020\/04\/2018-09-29-010.jpg?resize=765%2C1024&amp;ssl=1 765w, https:\/\/i2.wp.com\/bestioler-urba.cronovies.cat\/wp-content\/uploads\/2020\/04\/2018-09-29-010.jpg?resize=224%2C300&amp;ssl=1 224w, https:\/\/i2.wp.com\/bestioler-urba.cronovies.cat\/wp-content\/uploads\/2020\/04\/2018-09-29-010.jpg?resize=768%2C1028&amp;ssl=1 768w, https:\/\/i2.wp.com\/bestioler-urba.cronovies.cat\/wp-content\/uploads\/2020\/04\/2018-09-29-010.jpg?w=968&amp;ssl=1 968w\" sizes=\"(max-width: 640px) 100vw, 640px\" data-recalc-dims=\"1\" \/><\/figure><\/li><li class=\"blocks-gallery-item\"><figure><img data-attachment-id=\"1728\" data-permalink=\"https:\/\/bestioler-urba.cronovies.cat\/?attachment_id=1728\" data-orig-file=\"https:\/\/i0.wp.com\/bestioler-urba.cronovies.cat\/wp-content\/uploads\/2020\/04\/2018-09-26-033.jpg?fit=968%2C1296&amp;ssl=1\" data-orig-size=\"968,1296\" data-comments-opened=\"1\" data-image-meta=\"{&quot;aperture&quot;:&quot;0&quot;,&quot;credit&quot;:&quot;&quot;,&quot;camera&quot;:&quot;&quot;,&quot;caption&quot;:&quot;&quot;,&quot;created_timestamp&quot;:&quot;0&quot;,&quot;copyright&quot;:&quot;&quot;,&quot;focal_length&quot;:&quot;0&quot;,&quot;iso&quot;:&quot;0&quot;,&quot;shutter_speed&quot;:&quot;0&quot;,&quot;title&quot;:&quot;&quot;,&quot;orientation&quot;:&quot;0&quot;}\" data-image-title=\"2018-09-26 033\" data-image-description=\"\" data-medium-file=\"https:\/\/i0.wp.com\/bestioler-urba.cronovies.cat\/wp-content\/uploads\/2020\/04\/2018-09-26-033.jpg?fit=224%2C300&amp;ssl=1\" data-large-file=\"https:\/\/i0.wp.com\/bestioler-urba.cronovies.cat\/wp-content\/uploads\/2020\/04\/2018-09-26-033.jpg?fit=640%2C857&amp;ssl=1\" loading=\"lazy\" width=\"640\" height=\"857\" src=\"https:\/\/i2.wp.com\/bestioler-urba.cronovies.cat\/wp-content\/uploads\/2020\/04\/2018-09-26-033-765x1024.jpg?resize=640%2C857\" alt=\"\" data-id=\"1728\" data-full-url=\"http:\/\/bestioler-urba.cronovies.cat\/wp-content\/uploads\/2020\/04\/2018-09-26-033.jpg\" data-link=\"http:\/\/bestioler-urba.cronovies.cat\/?attachment_id=1728\" class=\"wp-image-1728\" srcset=\"https:\/\/i0.wp.com\/bestioler-urba.cronovies.cat\/wp-content\/uploads\/2020\/04\/2018-09-26-033.jpg?resize=765%2C1024&amp;ssl=1 765w, https:\/\/i0.wp.com\/bestioler-urba.cronovies.cat\/wp-content\/uploads\/2020\/04\/2018-09-26-033.jpg?resize=224%2C300&amp;ssl=1 224w, https:\/\/i0.wp.com\/bestioler-urba.cronovies.cat\/wp-content\/uploads\/2020\/04\/2018-09-26-033.jpg?resize=768%2C1028&amp;ssl=1 768w, https:\/\/i0.wp.com\/bestioler-urba.cronovies.cat\/wp-content\/uploads\/2020\/04\/2018-09-26-033.jpg?w=968&amp;ssl=1 968w\" sizes=\"(max-width: 640px) 100vw, 640px\" data-recalc-dims=\"1\" \/><\/figure><\/li><li class=\"blocks-gallery-item\"><figure><img data-attachment-id=\"1727\" data-permalink=\"https:\/\/bestioler-urba.cronovies.cat\/?attachment_id=1727\" data-orig-file=\"https:\/\/i2.wp.com\/bestioler-urba.cronovies.cat\/wp-content\/uploads\/2020\/04\/2018-09-29-028.jpg?fit=968%2C1296&amp;ssl=1\" data-orig-size=\"968,1296\" data-comments-opened=\"1\" data-image-meta=\"{&quot;aperture&quot;:&quot;0&quot;,&quot;credit&quot;:&quot;&quot;,&quot;camera&quot;:&quot;&quot;,&quot;caption&quot;:&quot;&quot;,&quot;created_timestamp&quot;:&quot;0&quot;,&quot;copyright&quot;:&quot;&quot;,&quot;focal_length&quot;:&quot;0&quot;,&quot;iso&quot;:&quot;0&quot;,&quot;shutter_speed&quot;:&quot;0&quot;,&quot;title&quot;:&quot;&quot;,&quot;orientation&quot;:&quot;0&quot;}\" data-image-title=\"2018-09-29 028\" data-image-description=\"\" data-medium-file=\"https:\/\/i2.wp.com\/bestioler-urba.cronovies.cat\/wp-content\/uploads\/2020\/04\/2018-09-29-028.jpg?fit=224%2C300&amp;ssl=1\" data-large-file=\"https:\/\/i2.wp.com\/bestioler-urba.cronovies.cat\/wp-content\/uploads\/2020\/04\/2018-09-29-028.jpg?fit=640%2C857&amp;ssl=1\" loading=\"lazy\" width=\"640\" height=\"857\" src=\"https:\/\/i1.wp.com\/bestioler-urba.cronovies.cat\/wp-content\/uploads\/2020\/04\/2018-09-29-028-765x1024.jpg?resize=640%2C857\" alt=\"\" data-id=\"1727\" data-full-url=\"http:\/\/bestioler-urba.cronovies.cat\/wp-content\/uploads\/2020\/04\/2018-09-29-028.jpg\" data-link=\"http:\/\/bestioler-urba.cronovies.cat\/?attachment_id=1727\" class=\"wp-image-1727\" srcset=\"https:\/\/i2.wp.com\/bestioler-urba.cronovies.cat\/wp-content\/uploads\/2020\/04\/2018-09-29-028.jpg?resize=765%2C1024&amp;ssl=1 765w, https:\/\/i2.wp.com\/bestioler-urba.cronovies.cat\/wp-content\/uploads\/2020\/04\/2018-09-29-028.jpg?resize=224%2C300&amp;ssl=1 224w, https:\/\/i2.wp.com\/bestioler-urba.cronovies.cat\/wp-content\/uploads\/2020\/04\/2018-09-29-028.jpg?resize=768%2C1028&amp;ssl=1 768w, https:\/\/i2.wp.com\/bestioler-urba.cronovies.cat\/wp-content\/uploads\/2020\/04\/2018-09-29-028.jpg?w=968&amp;ssl=1 968w\" sizes=\"(max-width: 640px) 100vw, 640px\" data-recalc-dims=\"1\" \/><\/figure><\/li><li class=\"blocks-gallery-item\"><figure><img data-attachment-id=\"1724\" data-permalink=\"https:\/\/bestioler-urba.cronovies.cat\/?attachment_id=1724\" data-orig-file=\"https:\/\/i0.wp.com\/bestioler-urba.cronovies.cat\/wp-content\/uploads\/2020\/04\/2018-09-29-019.jpg?fit=968%2C1296&amp;ssl=1\" data-orig-size=\"968,1296\" data-comments-opened=\"1\" data-image-meta=\"{&quot;aperture&quot;:&quot;0&quot;,&quot;credit&quot;:&quot;&quot;,&quot;camera&quot;:&quot;&quot;,&quot;caption&quot;:&quot;&quot;,&quot;created_timestamp&quot;:&quot;0&quot;,&quot;copyright&quot;:&quot;&quot;,&quot;focal_length&quot;:&quot;0&quot;,&quot;iso&quot;:&quot;0&quot;,&quot;shutter_speed&quot;:&quot;0&quot;,&quot;title&quot;:&quot;&quot;,&quot;orientation&quot;:&quot;0&quot;}\" data-image-title=\"2018-09-29 019\" data-image-description=\"\" data-medium-file=\"https:\/\/i0.wp.com\/bestioler-urba.cronovies.cat\/wp-content\/uploads\/2020\/04\/2018-09-29-019.jpg?fit=224%2C300&amp;ssl=1\" data-large-file=\"https:\/\/i0.wp.com\/bestioler-urba.cronovies.cat\/wp-content\/uploads\/2020\/04\/2018-09-29-019.jpg?fit=640%2C857&amp;ssl=1\" loading=\"lazy\" width=\"640\" height=\"857\" src=\"https:\/\/i1.wp.com\/bestioler-urba.cronovies.cat\/wp-content\/uploads\/2020\/04\/2018-09-29-019-765x1024.jpg?resize=640%2C857\" alt=\"\" data-id=\"1724\" data-full-url=\"http:\/\/bestioler-urba.cronovies.cat\/wp-content\/uploads\/2020\/04\/2018-09-29-019.jpg\" data-link=\"http:\/\/bestioler-urba.cronovies.cat\/?attachment_id=1724\" class=\"wp-image-1724\" srcset=\"https:\/\/i0.wp.com\/bestioler-urba.cronovies.cat\/wp-content\/uploads\/2020\/04\/2018-09-29-019.jpg?resize=765%2C1024&amp;ssl=1 765w, https:\/\/i0.wp.com\/bestioler-urba.cronovies.cat\/wp-content\/uploads\/2020\/04\/2018-09-29-019.jpg?resize=224%2C300&amp;ssl=1 224w, https:\/\/i0.wp.com\/bestioler-urba.cronovies.cat\/wp-content\/uploads\/2020\/04\/2018-09-29-019.jpg?resize=768%2C1028&amp;ssl=1 768w, https:\/\/i0.wp.com\/bestioler-urba.cronovies.cat\/wp-content\/uploads\/2020\/04\/2018-09-29-019.jpg?w=968&amp;ssl=1 968w\" sizes=\"(max-width: 640px) 100vw, 640px\" data-recalc-dims=\"1\" \/><\/figure><\/li><li class=\"blocks-gallery-item\"><figure><img data-attachment-id=\"1725\" data-permalink=\"https:\/\/bestioler-urba.cronovies.cat\/?attachment_id=1725\" data-orig-file=\"https:\/\/i1.wp.com\/bestioler-urba.cronovies.cat\/wp-content\/uploads\/2020\/04\/2018-09-29-023.jpg?fit=968%2C1296&amp;ssl=1\" data-orig-size=\"968,1296\" data-comments-opened=\"1\" data-image-meta=\"{&quot;aperture&quot;:&quot;0&quot;,&quot;credit&quot;:&quot;&quot;,&quot;camera&quot;:&quot;&quot;,&quot;caption&quot;:&quot;&quot;,&quot;created_timestamp&quot;:&quot;0&quot;,&quot;copyright&quot;:&quot;&quot;,&quot;focal_length&quot;:&quot;0&quot;,&quot;iso&quot;:&quot;0&quot;,&quot;shutter_speed&quot;:&quot;0&quot;,&quot;title&quot;:&quot;&quot;,&quot;orientation&quot;:&quot;0&quot;}\" data-image-title=\"2018-09-29 023\" data-image-description=\"\" data-medium-file=\"https:\/\/i1.wp.com\/bestioler-urba.cronovies.cat\/wp-content\/uploads\/2020\/04\/2018-09-29-023.jpg?fit=224%2C300&amp;ssl=1\" data-large-file=\"https:\/\/i1.wp.com\/bestioler-urba.cronovies.cat\/wp-content\/uploads\/2020\/04\/2018-09-29-023.jpg?fit=640%2C857&amp;ssl=1\" loading=\"lazy\" width=\"640\" height=\"857\" src=\"https:\/\/i1.wp.com\/bestioler-urba.cronovies.cat\/wp-content\/uploads\/2020\/04\/2018-09-29-023-765x1024.jpg?resize=640%2C857\" alt=\"\" data-id=\"1725\" data-full-url=\"http:\/\/bestioler-urba.cronovies.cat\/wp-content\/uploads\/2020\/04\/2018-09-29-023.jpg\" data-link=\"http:\/\/bestioler-urba.cronovies.cat\/?attachment_id=1725\" class=\"wp-image-1725\" srcset=\"https:\/\/i1.wp.com\/bestioler-urba.cronovies.cat\/wp-content\/uploads\/2020\/04\/2018-09-29-023.jpg?resize=765%2C1024&amp;ssl=1 765w, https:\/\/i1.wp.com\/bestioler-urba.cronovies.cat\/wp-content\/uploads\/2020\/04\/2018-09-29-023.jpg?resize=224%2C300&amp;ssl=1 224w, https:\/\/i1.wp.com\/bestioler-urba.cronovies.cat\/wp-content\/uploads\/2020\/04\/2018-09-29-023.jpg?resize=768%2C1028&amp;ssl=1 768w, https:\/\/i1.wp.com\/bestioler-urba.cronovies.cat\/wp-content\/uploads\/2020\/04\/2018-09-29-023.jpg?w=968&amp;ssl=1 968w\" sizes=\"(max-width: 640px) 100vw, 640px\" data-recalc-dims=\"1\" \/><\/figure><\/li><li class=\"blocks-gallery-item\"><figure><img data-attachment-id=\"1726\" data-permalink=\"https:\/\/bestioler-urba.cronovies.cat\/?attachment_id=1726\" data-orig-file=\"https:\/\/i2.wp.com\/bestioler-urba.cronovies.cat\/wp-content\/uploads\/2020\/04\/2018-09-29-027.jpg?fit=968%2C1296&amp;ssl=1\" data-orig-size=\"968,1296\" data-comments-opened=\"1\" data-image-meta=\"{&quot;aperture&quot;:&quot;0&quot;,&quot;credit&quot;:&quot;&quot;,&quot;camera&quot;:&quot;&quot;,&quot;caption&quot;:&quot;&quot;,&quot;created_timestamp&quot;:&quot;0&quot;,&quot;copyright&quot;:&quot;&quot;,&quot;focal_length&quot;:&quot;0&quot;,&quot;iso&quot;:&quot;0&quot;,&quot;shutter_speed&quot;:&quot;0&quot;,&quot;title&quot;:&quot;&quot;,&quot;orientation&quot;:&quot;0&quot;}\" data-image-title=\"2018-09-29 027\" data-image-description=\"\" data-medium-file=\"https:\/\/i2.wp.com\/bestioler-urba.cronovies.cat\/wp-content\/uploads\/2020\/04\/2018-09-29-027.jpg?fit=224%2C300&amp;ssl=1\" data-large-file=\"https:\/\/i2.wp.com\/bestioler-urba.cronovies.cat\/wp-content\/uploads\/2020\/04\/2018-09-29-027.jpg?fit=640%2C857&amp;ssl=1\" loading=\"lazy\" width=\"640\" height=\"857\" src=\"https:\/\/i0.wp.com\/bestioler-urba.cronovies.cat\/wp-content\/uploads\/2020\/04\/2018-09-29-027-765x1024.jpg?resize=640%2C857\" alt=\"\" data-id=\"1726\" data-full-url=\"http:\/\/bestioler-urba.cronovies.cat\/wp-content\/uploads\/2020\/04\/2018-09-29-027.jpg\" data-link=\"http:\/\/bestioler-urba.cronovies.cat\/?attachment_id=1726\" class=\"wp-image-1726\" srcset=\"https:\/\/i2.wp.com\/bestioler-urba.cronovies.cat\/wp-content\/uploads\/2020\/04\/2018-09-29-027.jpg?resize=765%2C1024&amp;ssl=1 765w, https:\/\/i2.wp.com\/bestioler-urba.cronovies.cat\/wp-content\/uploads\/2020\/04\/2018-09-29-027.jpg?resize=224%2C300&amp;ssl=1 224w, https:\/\/i2.wp.com\/bestioler-urba.cronovies.cat\/wp-content\/uploads\/2020\/04\/2018-09-29-027.jpg?resize=768%2C1028&amp;ssl=1 768w, https:\/\/i2.wp.com\/bestioler-urba.cronovies.cat\/wp-content\/uploads\/2020\/04\/2018-09-29-027.jpg?w=968&amp;ssl=1 968w\" sizes=\"(max-width: 640px) 100vw, 640px\" data-recalc-dims=\"1\" \/><\/figure><\/li><\/ul><\/figure>\n","protected":false},"excerpt":{"rendered":"<p>No coneixem ni qui ho ha promocionat o patrocinat, per\u00f2 la Montserrat i l&#8217;Enric van trobar aquests elefants a l&#8217;aeroport d&#8217;Amsterdam-Schiphol a la tardor de 2018.<\/p>\n","protected":false},"author":1,"featured_media":0,"parent":0,"menu_order":0,"comment_status":"closed","ping_status":"closed","template":"","meta":{"spay_email":""},"jetpack_sharing_enabled":true,"jetpack_shortlink":"https:\/\/wp.me\/P8NgbS-rZ","jetpack-related-posts":[{"id":29,"url":"https:\/\/bestioler-urba.cronovies.cat\/?page_id=29","url_meta":{"origin":1735,"position":0},"title":"Budapest,\u00a0l\u2019elefant","date":"10\/01\/2010","format":false,"excerpt":"Es tracta d'una exhibici\u00f3 art\u00edstica de carrer amb finalitats ben\u00e8fiques. L'objectiu de la fundaci\u00f3 \u00e9s la construcci\u00f3 d'albergs per donar aixopluc a gent del carrer, marginats o persones sense llar. Aquestes s\u00f3n les fotos que v\u00e0rem fer el darrer estiu de 10 dels molts elefants que podem trobar pels carrers\u2026","rel":"","context":"Similar post","img":{"alt_text":"","src":"https:\/\/i0.wp.com\/bestioler-urba.cronovies.cat\/wp-content\/uploads\/2013\/11\/bud_el-04.jpg?resize=350%2C200","width":350,"height":200},"classes":[]}],"_links":{"self":[{"href":"https:\/\/bestioler-urba.cronovies.cat\/index.php?rest_route=\/wp\/v2\/pages\/1735"}],"collection":[{"href":"https:\/\/bestioler-urba.cronovies.cat\/index.php?rest_route=\/wp\/v2\/pages"}],"about":[{"href":"https:\/\/bestioler-urba.cronovies.cat\/index.php?rest_route=\/wp\/v2\/types\/page"}],"author":[{"embeddable":true,"href":"https:\/\/bestioler-urba.cronovies.cat\/index.php?rest_route=\/wp\/v2\/users\/1"}],"replies":[{"embeddable":true,"href":"https:\/\/bestioler-urba.cronovies.cat\/index.php?rest_route=%2Fwp%2Fv2%2Fcomments&post=1735"}],"version-history":[{"count":2,"href":"https:\/\/bestioler-urba.cronovies.cat\/index.php?rest_route=\/wp\/v2\/pages\/1735\/revisions"}],"predecessor-version":[{"id":1742,"href":"https:\/\/bestioler-urba.cronovies.cat\/index.php?rest_route=\/wp\/v2\/pages\/1735\/revisions\/1742"}],"wp:attachment":[{"href":"https:\/\/bestioler-urba.cronovies.cat\/index.php?rest_route=%2Fwp%2Fv2%2Fmedia&parent=1735"}],"curies":[{"name":"wp","href":"https:\/\/api.w.org\/{rel}","templated":true}]}}