{"id":29,"date":"2010-01-10T10:19:26","date_gmt":"2010-01-10T09:19:26","guid":{"rendered":"http:\/\/amcpic.wordpress.com\/?page_id=19"},"modified":"2017-08-23T22:48:59","modified_gmt":"2017-08-23T20:48:59","slug":"budapest-lelefant","status":"publish","type":"page","link":"https:\/\/bestioler-urba.cronovies.cat\/?page_id=29","title":{"rendered":"Budapest,\u00a0l\u2019elefant"},"content":{"rendered":"<p>Es tracta d&#8217;una exhibici\u00f3 art\u00edstica de carrer amb finalitats ben\u00e8fiques. L&#8217;objectiu de la fundaci\u00f3 \u00e9s la construcci\u00f3 d&#8217;albergs per donar aixopluc a gent del carrer, marginats o persones sense llar. Aquestes s\u00f3n les fotos que v\u00e0rem fer el darrer estiu de 10 dels molts elefants que podem trobar pels carrers de la capital hongaresa. Si voleu m\u00e9s informaci\u00f3 podeu consultar aquesta p\u00e0gina en angl\u00e8s<br \/>\nhttp:\/\/www.homeless-elephant.hu\/english\/<\/p>\n<address>Premeu sobre les fotos i les veureu m\u00e9s grans.<\/address>\n<div class=\"tiled-gallery type-rectangular tiled-gallery-unresized\" data-original-width=\"640\" data-carousel-extra='{&quot;blog_id&quot;:1,&quot;permalink&quot;:&quot;https:\\\/\\\/bestioler-urba.cronovies.cat\\\/?page_id=29&quot;,&quot;likes_blog_id&quot;:129951000}' itemscope itemtype=\"http:\/\/schema.org\/ImageGallery\" > <div class=\"gallery-row\" style=\"width: 640px; height: 321px;\" data-original-width=\"640\" data-original-height=\"321\" > <div class=\"gallery-group images-1\" style=\"width: 427px; height: 321px;\" data-original-width=\"427\" data-original-height=\"321\" > <div class=\"tiled-gallery-item tiled-gallery-item-large\" itemprop=\"associatedMedia\" itemscope itemtype=\"http:\/\/schema.org\/ImageObject\"> <a href=\"https:\/\/bestioler-urba.cronovies.cat\/?attachment_id=1427\" border=\"0\" itemprop=\"url\"> <meta itemprop=\"width\" content=\"423\"> <meta itemprop=\"height\" content=\"317\"> <img data-attachment-id=\"1427\" data-orig-file=\"https:\/\/bestioler-urba.cronovies.cat\/wp-content\/uploads\/2013\/11\/bud_el-04.jpg\" data-orig-size=\"1000,750\" data-comments-opened=\"1\" data-image-meta=\"{&quot;aperture&quot;:&quot;8&quot;,&quot;credit&quot;:&quot;&quot;,&quot;camera&quot;:&quot;Canon DIGITAL IXUS 80 IS&quot;,&quot;caption&quot;:&quot;&quot;,&quot;created_timestamp&quot;:&quot;1252252746&quot;,&quot;copyright&quot;:&quot;&quot;,&quot;focal_length&quot;:&quot;6.2&quot;,&quot;iso&quot;:&quot;80&quot;,&quot;shutter_speed&quot;:&quot;0.003125&quot;,&quot;title&quot;:&quot;&quot;,&quot;orientation&quot;:&quot;1&quot;}\" data-image-title=\"Elefants 4\" data-image-description=\"&lt;p&gt;foto: amcpic&lt;\/p&gt; \" data-medium-file=\"https:\/\/i0.wp.com\/bestioler-urba.cronovies.cat\/wp-content\/uploads\/2013\/11\/bud_el-04.jpg?fit=300%2C225&#038;ssl=1\" data-large-file=\"https:\/\/i0.wp.com\/bestioler-urba.cronovies.cat\/wp-content\/uploads\/2013\/11\/bud_el-04.jpg?fit=640%2C480&#038;ssl=1\" src=\"https:\/\/i0.wp.com\/bestioler-urba.cronovies.cat\/wp-content\/uploads\/2013\/11\/bud_el-04.jpg?w=423&#038;h=317&#038;ssl=1\" width=\"423\" height=\"317\" data-original-width=\"423\" data-original-height=\"317\" itemprop=\"http:\/\/schema.org\/image\" title=\"Elefants 4\" alt=\"Elefants 4\" style=\"width: 423px; height: 317px;\" \/> <\/a> <\/div> <\/div> <!-- close group --> <div class=\"gallery-group images-2\" style=\"width: 213px; height: 321px;\" data-original-width=\"213\" data-original-height=\"321\" > <div class=\"tiled-gallery-item tiled-gallery-item-small\" itemprop=\"associatedMedia\" itemscope itemtype=\"http:\/\/schema.org\/ImageObject\"> <a href=\"https:\/\/bestioler-urba.cronovies.cat\/?attachment_id=1426\" border=\"0\" itemprop=\"url\"> <meta itemprop=\"width\" content=\"209\"> <meta itemprop=\"height\" content=\"157\"> <img data-attachment-id=\"1426\" data-orig-file=\"https:\/\/bestioler-urba.cronovies.cat\/wp-content\/uploads\/2013\/11\/bud_el-03.jpg\" data-orig-size=\"1000,750\" data-comments-opened=\"1\" data-image-meta=\"{&quot;aperture&quot;:&quot;8&quot;,&quot;credit&quot;:&quot;&quot;,&quot;camera&quot;:&quot;Canon DIGITAL IXUS 80 IS&quot;,&quot;caption&quot;:&quot;&quot;,&quot;created_timestamp&quot;:&quot;1252252688&quot;,&quot;copyright&quot;:&quot;&quot;,&quot;focal_length&quot;:&quot;6.2&quot;,&quot;iso&quot;:&quot;80&quot;,&quot;shutter_speed&quot;:&quot;0.004&quot;,&quot;title&quot;:&quot;&quot;,&quot;orientation&quot;:&quot;1&quot;}\" data-image-title=\"Elefants 3\" data-image-description=\"&lt;p&gt;foto: amcpic&lt;\/p&gt; \" data-medium-file=\"https:\/\/i2.wp.com\/bestioler-urba.cronovies.cat\/wp-content\/uploads\/2013\/11\/bud_el-03.jpg?fit=300%2C225&#038;ssl=1\" data-large-file=\"https:\/\/i2.wp.com\/bestioler-urba.cronovies.cat\/wp-content\/uploads\/2013\/11\/bud_el-03.jpg?fit=640%2C480&#038;ssl=1\" src=\"https:\/\/i2.wp.com\/bestioler-urba.cronovies.cat\/wp-content\/uploads\/2013\/11\/bud_el-03.jpg?w=209&#038;h=157&#038;ssl=1\" width=\"209\" height=\"157\" data-original-width=\"209\" data-original-height=\"157\" itemprop=\"http:\/\/schema.org\/image\" title=\"Elefants 3\" alt=\"Elefants 3\" style=\"width: 209px; height: 157px;\" \/> <\/a> <\/div> <div class=\"tiled-gallery-item tiled-gallery-item-small\" itemprop=\"associatedMedia\" itemscope itemtype=\"http:\/\/schema.org\/ImageObject\"> <a href=\"https:\/\/bestioler-urba.cronovies.cat\/?attachment_id=1425\" border=\"0\" itemprop=\"url\"> <meta itemprop=\"width\" content=\"209\"> <meta itemprop=\"height\" content=\"156\"> <img data-attachment-id=\"1425\" data-orig-file=\"https:\/\/bestioler-urba.cronovies.cat\/wp-content\/uploads\/2013\/11\/bud_el-02.jpg\" data-orig-size=\"1000,750\" data-comments-opened=\"1\" data-image-meta=\"{&quot;aperture&quot;:&quot;8&quot;,&quot;credit&quot;:&quot;&quot;,&quot;camera&quot;:&quot;Canon DIGITAL IXUS 80 IS&quot;,&quot;caption&quot;:&quot;&quot;,&quot;created_timestamp&quot;:&quot;1252252275&quot;,&quot;copyright&quot;:&quot;&quot;,&quot;focal_length&quot;:&quot;6.2&quot;,&quot;iso&quot;:&quot;80&quot;,&quot;shutter_speed&quot;:&quot;0.002&quot;,&quot;title&quot;:&quot;&quot;,&quot;orientation&quot;:&quot;1&quot;}\" data-image-title=\"Elefants 2\" data-image-description=\"&lt;p&gt;foto: amcpic&lt;\/p&gt; \" data-medium-file=\"https:\/\/i0.wp.com\/bestioler-urba.cronovies.cat\/wp-content\/uploads\/2013\/11\/bud_el-02.jpg?fit=300%2C225&#038;ssl=1\" data-large-file=\"https:\/\/i0.wp.com\/bestioler-urba.cronovies.cat\/wp-content\/uploads\/2013\/11\/bud_el-02.jpg?fit=640%2C480&#038;ssl=1\" src=\"https:\/\/i0.wp.com\/bestioler-urba.cronovies.cat\/wp-content\/uploads\/2013\/11\/bud_el-02.jpg?w=209&#038;h=156&#038;ssl=1\" width=\"209\" height=\"156\" data-original-width=\"209\" data-original-height=\"156\" itemprop=\"http:\/\/schema.org\/image\" title=\"Elefants 2\" alt=\"Elefants 2\" style=\"width: 209px; height: 156px;\" \/> <\/a> <\/div> <\/div> <!-- close group --> <\/div> <!-- close row --> <div class=\"gallery-row\" style=\"width: 640px; height: 161px;\" data-original-width=\"640\" data-original-height=\"161\" > <div class=\"gallery-group images-1\" style=\"width: 214px; height: 161px;\" data-original-width=\"214\" data-original-height=\"161\" > <div class=\"tiled-gallery-item tiled-gallery-item-small\" itemprop=\"associatedMedia\" itemscope itemtype=\"http:\/\/schema.org\/ImageObject\"> <a href=\"https:\/\/bestioler-urba.cronovies.cat\/?attachment_id=1424\" border=\"0\" itemprop=\"url\"> <meta itemprop=\"width\" content=\"210\"> <meta itemprop=\"height\" content=\"157\"> <img data-attachment-id=\"1424\" data-orig-file=\"https:\/\/bestioler-urba.cronovies.cat\/wp-content\/uploads\/2013\/11\/bud_el-01.jpg\" data-orig-size=\"1000,750\" data-comments-opened=\"1\" data-image-meta=\"{&quot;aperture&quot;:&quot;2.8&quot;,&quot;credit&quot;:&quot;&quot;,&quot;camera&quot;:&quot;Canon DIGITAL IXUS 80 IS&quot;,&quot;caption&quot;:&quot;&quot;,&quot;created_timestamp&quot;:&quot;1252249976&quot;,&quot;copyright&quot;:&quot;&quot;,&quot;focal_length&quot;:&quot;6.2&quot;,&quot;iso&quot;:&quot;80&quot;,&quot;shutter_speed&quot;:&quot;0.00625&quot;,&quot;title&quot;:&quot;&quot;,&quot;orientation&quot;:&quot;1&quot;}\" data-image-title=\"Elefants 1\" data-image-description=\"&lt;p&gt;foto: amcpic&lt;\/p&gt; \" data-medium-file=\"https:\/\/i1.wp.com\/bestioler-urba.cronovies.cat\/wp-content\/uploads\/2013\/11\/bud_el-01.jpg?fit=300%2C225&#038;ssl=1\" data-large-file=\"https:\/\/i1.wp.com\/bestioler-urba.cronovies.cat\/wp-content\/uploads\/2013\/11\/bud_el-01.jpg?fit=640%2C480&#038;ssl=1\" src=\"https:\/\/i1.wp.com\/bestioler-urba.cronovies.cat\/wp-content\/uploads\/2013\/11\/bud_el-01.jpg?w=210&#038;h=157&#038;ssl=1\" width=\"210\" height=\"157\" data-original-width=\"210\" data-original-height=\"157\" itemprop=\"http:\/\/schema.org\/image\" title=\"Elefants 1\" alt=\"Elefants 1\" style=\"width: 210px; height: 157px;\" \/> <\/a> <\/div> <\/div> <!-- close group --> <div class=\"gallery-group images-1\" style=\"width: 213px; height: 161px;\" data-original-width=\"213\" data-original-height=\"161\" > <div class=\"tiled-gallery-item tiled-gallery-item-small\" itemprop=\"associatedMedia\" itemscope itemtype=\"http:\/\/schema.org\/ImageObject\"> <a href=\"https:\/\/bestioler-urba.cronovies.cat\/?attachment_id=1423\" border=\"0\" itemprop=\"url\"> <meta itemprop=\"width\" content=\"209\"> <meta itemprop=\"height\" content=\"157\"> <img data-attachment-id=\"1423\" data-orig-file=\"https:\/\/bestioler-urba.cronovies.cat\/wp-content\/uploads\/2013\/11\/bud_el-10.jpg\" data-orig-size=\"1000,750\" data-comments-opened=\"1\" data-image-meta=\"{&quot;aperture&quot;:&quot;2.8&quot;,&quot;credit&quot;:&quot;&quot;,&quot;camera&quot;:&quot;Canon DIGITAL IXUS 80 IS&quot;,&quot;caption&quot;:&quot;&quot;,&quot;created_timestamp&quot;:&quot;1252277999&quot;,&quot;copyright&quot;:&quot;&quot;,&quot;focal_length&quot;:&quot;6.2&quot;,&quot;iso&quot;:&quot;250&quot;,&quot;shutter_speed&quot;:&quot;0.016666666666667&quot;,&quot;title&quot;:&quot;&quot;,&quot;orientation&quot;:&quot;1&quot;}\" data-image-title=\"Elefants 10\" data-image-description=\"&lt;p&gt;foto: amcpic&lt;\/p&gt; \" data-medium-file=\"https:\/\/i0.wp.com\/bestioler-urba.cronovies.cat\/wp-content\/uploads\/2013\/11\/bud_el-10.jpg?fit=300%2C225&#038;ssl=1\" data-large-file=\"https:\/\/i0.wp.com\/bestioler-urba.cronovies.cat\/wp-content\/uploads\/2013\/11\/bud_el-10.jpg?fit=640%2C480&#038;ssl=1\" src=\"https:\/\/i0.wp.com\/bestioler-urba.cronovies.cat\/wp-content\/uploads\/2013\/11\/bud_el-10.jpg?w=209&#038;h=157&#038;ssl=1\" width=\"209\" height=\"157\" data-original-width=\"209\" data-original-height=\"157\" itemprop=\"http:\/\/schema.org\/image\" title=\"Elefants 10\" alt=\"Elefants 10\" style=\"width: 209px; height: 157px;\" \/> <\/a> <\/div> <\/div> <!-- close group --> <div class=\"gallery-group images-1\" style=\"width: 213px; height: 161px;\" data-original-width=\"213\" data-original-height=\"161\" > <div class=\"tiled-gallery-item tiled-gallery-item-small\" itemprop=\"associatedMedia\" itemscope itemtype=\"http:\/\/schema.org\/ImageObject\"> <a href=\"https:\/\/bestioler-urba.cronovies.cat\/?attachment_id=1422\" border=\"0\" itemprop=\"url\"> <meta itemprop=\"width\" content=\"209\"> <meta itemprop=\"height\" content=\"157\"> <img data-attachment-id=\"1422\" data-orig-file=\"https:\/\/bestioler-urba.cronovies.cat\/wp-content\/uploads\/2013\/11\/bud_el-09.jpg\" data-orig-size=\"1000,750\" data-comments-opened=\"1\" data-image-meta=\"{&quot;aperture&quot;:&quot;2.8&quot;,&quot;credit&quot;:&quot;&quot;,&quot;camera&quot;:&quot;Canon DIGITAL IXUS 80 IS&quot;,&quot;caption&quot;:&quot;&quot;,&quot;created_timestamp&quot;:&quot;1252253953&quot;,&quot;copyright&quot;:&quot;&quot;,&quot;focal_length&quot;:&quot;6.2&quot;,&quot;iso&quot;:&quot;200&quot;,&quot;shutter_speed&quot;:&quot;0.016666666666667&quot;,&quot;title&quot;:&quot;&quot;,&quot;orientation&quot;:&quot;1&quot;}\" data-image-title=\"Elefants 9\" data-image-description=\"&lt;p&gt;foto: amcpic&lt;\/p&gt; \" data-medium-file=\"https:\/\/i0.wp.com\/bestioler-urba.cronovies.cat\/wp-content\/uploads\/2013\/11\/bud_el-09.jpg?fit=300%2C225&#038;ssl=1\" data-large-file=\"https:\/\/i0.wp.com\/bestioler-urba.cronovies.cat\/wp-content\/uploads\/2013\/11\/bud_el-09.jpg?fit=640%2C480&#038;ssl=1\" src=\"https:\/\/i0.wp.com\/bestioler-urba.cronovies.cat\/wp-content\/uploads\/2013\/11\/bud_el-09.jpg?w=209&#038;h=157&#038;ssl=1\" width=\"209\" height=\"157\" data-original-width=\"209\" data-original-height=\"157\" itemprop=\"http:\/\/schema.org\/image\" title=\"Elefants 9\" alt=\"Elefants 9\" style=\"width: 209px; height: 157px;\" \/> <\/a> <\/div> <\/div> <!-- close group --> <\/div> <!-- close row --> <div class=\"gallery-row\" style=\"width: 640px; height: 121px;\" data-original-width=\"640\" data-original-height=\"121\" > <div class=\"gallery-group images-1\" style=\"width: 160px; height: 121px;\" data-original-width=\"160\" data-original-height=\"121\" > <div class=\"tiled-gallery-item tiled-gallery-item-small\" itemprop=\"associatedMedia\" itemscope itemtype=\"http:\/\/schema.org\/ImageObject\"> <a href=\"https:\/\/bestioler-urba.cronovies.cat\/?attachment_id=1421\" border=\"0\" itemprop=\"url\"> <meta itemprop=\"width\" content=\"156\"> <meta itemprop=\"height\" content=\"117\"> <img data-attachment-id=\"1421\" data-orig-file=\"https:\/\/bestioler-urba.cronovies.cat\/wp-content\/uploads\/2013\/11\/bud_el-08.jpg\" data-orig-size=\"1000,750\" data-comments-opened=\"1\" data-image-meta=\"{&quot;aperture&quot;:&quot;2.8&quot;,&quot;credit&quot;:&quot;&quot;,&quot;camera&quot;:&quot;Canon DIGITAL IXUS 80 IS&quot;,&quot;caption&quot;:&quot;&quot;,&quot;created_timestamp&quot;:&quot;1252253750&quot;,&quot;copyright&quot;:&quot;&quot;,&quot;focal_length&quot;:&quot;6.2&quot;,&quot;iso&quot;:&quot;80&quot;,&quot;shutter_speed&quot;:&quot;0.002&quot;,&quot;title&quot;:&quot;&quot;,&quot;orientation&quot;:&quot;1&quot;}\" data-image-title=\"Elefants 8\" data-image-description=\"&lt;p&gt;foto: amcpic&lt;\/p&gt; \" data-medium-file=\"https:\/\/i0.wp.com\/bestioler-urba.cronovies.cat\/wp-content\/uploads\/2013\/11\/bud_el-08.jpg?fit=300%2C225&#038;ssl=1\" data-large-file=\"https:\/\/i0.wp.com\/bestioler-urba.cronovies.cat\/wp-content\/uploads\/2013\/11\/bud_el-08.jpg?fit=640%2C480&#038;ssl=1\" src=\"https:\/\/i0.wp.com\/bestioler-urba.cronovies.cat\/wp-content\/uploads\/2013\/11\/bud_el-08.jpg?w=156&#038;h=117&#038;ssl=1\" width=\"156\" height=\"117\" data-original-width=\"156\" data-original-height=\"117\" itemprop=\"http:\/\/schema.org\/image\" title=\"Elefants 8\" alt=\"Elefants 8\" style=\"width: 156px; height: 117px;\" \/> <\/a> <\/div> <\/div> <!-- close group --> <div class=\"gallery-group images-1\" style=\"width: 160px; height: 121px;\" data-original-width=\"160\" data-original-height=\"121\" > <div class=\"tiled-gallery-item tiled-gallery-item-small\" itemprop=\"associatedMedia\" itemscope itemtype=\"http:\/\/schema.org\/ImageObject\"> <a href=\"https:\/\/bestioler-urba.cronovies.cat\/?attachment_id=1420\" border=\"0\" itemprop=\"url\"> <meta itemprop=\"width\" content=\"156\"> <meta itemprop=\"height\" content=\"117\"> <img data-attachment-id=\"1420\" data-orig-file=\"https:\/\/bestioler-urba.cronovies.cat\/wp-content\/uploads\/2013\/11\/bud_el-07.jpg\" data-orig-size=\"1000,750\" data-comments-opened=\"1\" data-image-meta=\"{&quot;aperture&quot;:&quot;8&quot;,&quot;credit&quot;:&quot;&quot;,&quot;camera&quot;:&quot;Canon DIGITAL IXUS 80 IS&quot;,&quot;caption&quot;:&quot;&quot;,&quot;created_timestamp&quot;:&quot;1252253738&quot;,&quot;copyright&quot;:&quot;&quot;,&quot;focal_length&quot;:&quot;6.2&quot;,&quot;iso&quot;:&quot;80&quot;,&quot;shutter_speed&quot;:&quot;0.003125&quot;,&quot;title&quot;:&quot;&quot;,&quot;orientation&quot;:&quot;1&quot;}\" data-image-title=\"Elefants 7\" data-image-description=\"&lt;p&gt;foto: amcpic&lt;\/p&gt; \" data-medium-file=\"https:\/\/i1.wp.com\/bestioler-urba.cronovies.cat\/wp-content\/uploads\/2013\/11\/bud_el-07.jpg?fit=300%2C225&#038;ssl=1\" data-large-file=\"https:\/\/i1.wp.com\/bestioler-urba.cronovies.cat\/wp-content\/uploads\/2013\/11\/bud_el-07.jpg?fit=640%2C480&#038;ssl=1\" src=\"https:\/\/i1.wp.com\/bestioler-urba.cronovies.cat\/wp-content\/uploads\/2013\/11\/bud_el-07.jpg?w=156&#038;h=117&#038;ssl=1\" width=\"156\" height=\"117\" data-original-width=\"156\" data-original-height=\"117\" itemprop=\"http:\/\/schema.org\/image\" title=\"Elefants 7\" alt=\"Elefants 7\" style=\"width: 156px; height: 117px;\" \/> <\/a> <\/div> <\/div> <!-- close group --> <div class=\"gallery-group images-1\" style=\"width: 160px; height: 121px;\" data-original-width=\"160\" data-original-height=\"121\" > <div class=\"tiled-gallery-item tiled-gallery-item-small\" itemprop=\"associatedMedia\" itemscope itemtype=\"http:\/\/schema.org\/ImageObject\"> <a href=\"https:\/\/bestioler-urba.cronovies.cat\/?attachment_id=1419\" border=\"0\" itemprop=\"url\"> <meta itemprop=\"width\" content=\"156\"> <meta itemprop=\"height\" content=\"117\"> <img data-attachment-id=\"1419\" data-orig-file=\"https:\/\/bestioler-urba.cronovies.cat\/wp-content\/uploads\/2013\/11\/bud_el-06.jpg\" data-orig-size=\"1000,750\" data-comments-opened=\"1\" data-image-meta=\"{&quot;aperture&quot;:&quot;2.8&quot;,&quot;credit&quot;:&quot;&quot;,&quot;camera&quot;:&quot;Canon DIGITAL IXUS 80 IS&quot;,&quot;caption&quot;:&quot;&quot;,&quot;created_timestamp&quot;:&quot;1252253668&quot;,&quot;copyright&quot;:&quot;&quot;,&quot;focal_length&quot;:&quot;6.2&quot;,&quot;iso&quot;:&quot;80&quot;,&quot;shutter_speed&quot;:&quot;0.004&quot;,&quot;title&quot;:&quot;&quot;,&quot;orientation&quot;:&quot;1&quot;}\" data-image-title=\"Elefants 6\" data-image-description=\"&lt;p&gt;foto: amcpic&lt;\/p&gt; \" data-medium-file=\"https:\/\/i0.wp.com\/bestioler-urba.cronovies.cat\/wp-content\/uploads\/2013\/11\/bud_el-06.jpg?fit=300%2C225&#038;ssl=1\" data-large-file=\"https:\/\/i0.wp.com\/bestioler-urba.cronovies.cat\/wp-content\/uploads\/2013\/11\/bud_el-06.jpg?fit=640%2C480&#038;ssl=1\" src=\"https:\/\/i0.wp.com\/bestioler-urba.cronovies.cat\/wp-content\/uploads\/2013\/11\/bud_el-06.jpg?w=156&#038;h=117&#038;ssl=1\" width=\"156\" height=\"117\" data-original-width=\"156\" data-original-height=\"117\" itemprop=\"http:\/\/schema.org\/image\" title=\"Elefants 6\" alt=\"Elefants 6\" style=\"width: 156px; height: 117px;\" \/> <\/a> <\/div> <\/div> <!-- close group --> <div class=\"gallery-group images-1\" style=\"width: 160px; height: 121px;\" data-original-width=\"160\" data-original-height=\"121\" > <div class=\"tiled-gallery-item tiled-gallery-item-small\" itemprop=\"associatedMedia\" itemscope itemtype=\"http:\/\/schema.org\/ImageObject\"> <a href=\"https:\/\/bestioler-urba.cronovies.cat\/?attachment_id=1418\" border=\"0\" itemprop=\"url\"> <meta itemprop=\"width\" content=\"156\"> <meta itemprop=\"height\" content=\"117\"> <img data-attachment-id=\"1418\" data-orig-file=\"https:\/\/bestioler-urba.cronovies.cat\/wp-content\/uploads\/2013\/11\/bud_el-05.jpg\" data-orig-size=\"1000,750\" data-comments-opened=\"1\" data-image-meta=\"{&quot;aperture&quot;:&quot;2.8&quot;,&quot;credit&quot;:&quot;&quot;,&quot;camera&quot;:&quot;Canon DIGITAL IXUS 80 IS&quot;,&quot;caption&quot;:&quot;&quot;,&quot;created_timestamp&quot;:&quot;1252252998&quot;,&quot;copyright&quot;:&quot;&quot;,&quot;focal_length&quot;:&quot;6.2&quot;,&quot;iso&quot;:&quot;80&quot;,&quot;shutter_speed&quot;:&quot;0.002&quot;,&quot;title&quot;:&quot;&quot;,&quot;orientation&quot;:&quot;1&quot;}\" data-image-title=\"Elefants 5\" data-image-description=\"&lt;p&gt;foto: amcpic&lt;\/p&gt; \" data-medium-file=\"https:\/\/i1.wp.com\/bestioler-urba.cronovies.cat\/wp-content\/uploads\/2013\/11\/bud_el-05.jpg?fit=300%2C225&#038;ssl=1\" data-large-file=\"https:\/\/i1.wp.com\/bestioler-urba.cronovies.cat\/wp-content\/uploads\/2013\/11\/bud_el-05.jpg?fit=640%2C480&#038;ssl=1\" src=\"https:\/\/i1.wp.com\/bestioler-urba.cronovies.cat\/wp-content\/uploads\/2013\/11\/bud_el-05.jpg?w=156&#038;h=117&#038;ssl=1\" width=\"156\" height=\"117\" data-original-width=\"156\" data-original-height=\"117\" itemprop=\"http:\/\/schema.org\/image\" title=\"Elefants 5\" alt=\"Elefants 5\" style=\"width: 156px; height: 117px;\" \/> <\/a> <\/div> <\/div> <!-- close group --> <\/div> <!-- close row --> <\/div>\n","protected":false},"excerpt":{"rendered":"<p>Es tracta d&#8217;una exhibici\u00f3 art\u00edstica de carrer amb finalitats ben\u00e8fiques. L&#8217;objectiu de la fundaci\u00f3 \u00e9s la construcci\u00f3 d&#8217;albergs per donar aixopluc a gent del carrer, marginats o persones sense llar. Aquestes s\u00f3n les fotos que v\u00e0rem fer el darrer estiu de 10 dels molts elefants que podem trobar pels carrers de la capital hongaresa. Si [&hellip;]<\/p>\n","protected":false},"author":1,"featured_media":0,"parent":0,"menu_order":3,"comment_status":"open","ping_status":"closed","template":"","meta":{"spay_email":""},"jetpack_sharing_enabled":true,"jetpack_shortlink":"https:\/\/wp.me\/P8NgbS-t","jetpack-related-posts":[{"id":39,"url":"https:\/\/bestioler-urba.cronovies.cat\/?page_id=39","url_meta":{"origin":29,"position":0},"title":"Barcelona,\u00a0CowParade","date":"10\/01\/2010","format":false,"excerpt":"Exposici\u00f3 realitzada en els carrers de Barcelona l'any 2005 des de l'1 de juny fins al 31 d'agost. Va tenir una finalitat ben\u00e8fica i l'ONG beneficiada dels fons recaptats despr\u00e9s de la subhasta van ser els Infants del Casal del Raval. Les vaques van ser dissenyades i pintades per artistes\u2026","rel":"","context":"Similar post","img":{"alt_text":"","src":"https:\/\/i1.wp.com\/bestioler-urba.cronovies.cat\/wp-content\/uploads\/2013\/11\/bcn_cp-01.jpg?resize=350%2C200","width":350,"height":200},"classes":[]},{"id":470,"url":"https:\/\/bestioler-urba.cronovies.cat\/?page_id=470","url_meta":{"origin":29,"position":1},"title":"Andorra, Pork Art de Lal\u00edn","date":"03\/08\/2010","format":false,"excerpt":"Fins a les acaballes de l'estiu es podr\u00e0 gaudir passejant per l'avinguda Carlemany de Les Escaldes de les escultures de 26 porcs que volen donar a con\u00e8ixer i de promoure la ind\u00fastria porcina de Lal\u00edn, ciutat de Pontevedra agermanada amb Les Escaldes. Es tracta del Pork Art que ha arribat\u2026","rel":"","context":"With 2 comments","img":{"alt_text":"","src":"https:\/\/i0.wp.com\/bestioler-urba.cronovies.cat\/wp-content\/uploads\/2013\/11\/and_pk-19.gif?resize=350%2C200","width":350,"height":200},"classes":[]}],"_links":{"self":[{"href":"https:\/\/bestioler-urba.cronovies.cat\/index.php?rest_route=\/wp\/v2\/pages\/29"}],"collection":[{"href":"https:\/\/bestioler-urba.cronovies.cat\/index.php?rest_route=\/wp\/v2\/pages"}],"about":[{"href":"https:\/\/bestioler-urba.cronovies.cat\/index.php?rest_route=\/wp\/v2\/types\/page"}],"author":[{"embeddable":true,"href":"https:\/\/bestioler-urba.cronovies.cat\/index.php?rest_route=\/wp\/v2\/users\/1"}],"replies":[{"embeddable":true,"href":"https:\/\/bestioler-urba.cronovies.cat\/index.php?rest_route=%2Fwp%2Fv2%2Fcomments&post=29"}],"version-history":[{"count":2,"href":"https:\/\/bestioler-urba.cronovies.cat\/index.php?rest_route=\/wp\/v2\/pages\/29\/revisions"}],"predecessor-version":[{"id":1630,"href":"https:\/\/bestioler-urba.cronovies.cat\/index.php?rest_route=\/wp\/v2\/pages\/29\/revisions\/1630"}],"wp:attachment":[{"href":"https:\/\/bestioler-urba.cronovies.cat\/index.php?rest_route=%2Fwp%2Fv2%2Fmedia&parent=29"}],"curies":[{"name":"wp","href":"https:\/\/api.w.org\/{rel}","templated":true}]}}